{"id":2064,"date":"2022-11-15T13:14:35","date_gmt":"2022-11-15T13:14:35","guid":{"rendered":"https:\/\/cadistr.fr\/hakkimizda-2\/"},"modified":"2022-12-13T09:08:06","modified_gmt":"2022-12-13T09:08:06","slug":"hakkimizda-2","status":"publish","type":"page","link":"https:\/\/cadistr.fr\/tr\/hakkimizda-2\/","title":{"rendered":"Hakk\u0131m\u0131zda"},"content":{"rendered":"\t\t<div data-elementor-type=\"wp-page\" data-elementor-id=\"2064\" class=\"elementor elementor-2064 elementor-1360\">\n\t\t\t\t\t\t\t\t\t<section class=\"elementor-section elementor-top-section elementor-element elementor-element-2d4e5ea elementor-section-full_width elementor-section-height-default elementor-section-height-default\" data-id=\"2d4e5ea\" data-element_type=\"section\">\n\t\t\t\t\t\t<div class=\"elementor-container elementor-column-gap-no\">\n\t\t\t\t\t<div class=\"elementor-column elementor-col-100 elementor-top-column elementor-element elementor-element-847ff42\" data-id=\"847ff42\" data-element_type=\"column\">\n\t\t\t<div class=\"elementor-widget-wrap elementor-element-populated\">\n\t\t\t\t\t\t\t\t<div class=\"elementor-element elementor-element-d26ef6f elementor-widget elementor-widget-experience\" data-id=\"d26ef6f\" data-element_type=\"widget\" data-widget_type=\"experience.default\">\n\t\t\t\t<div class=\"elementor-widget-container\">\n\t\t\t\n         <!-- Start Features Area \n    ============================================= -->\n    <div class=\"feature-area half-bg overflow-hidden default-padding-top\">\n        <div class=\"container\">\n            <div class=\"heading-left\">\n                <div class=\"row\">\n                    <div class=\"col-lg-6\">\n                        <h5>20 YILI A\u015eKIN TECR\u00dcBE<\/h5>\n                        <h2>\n                            20 YILI A\u015eKIN TECR\u00dcBEM\u0130ZLE EN \u0130Y\u0130 B\u0130LD\u0130\u011e\u0130M\u0130Z \u0130\u015e\u0130 YAPIYORUZ!                        <\/h2>\n                    <\/div>\n                    <div class=\"col-lg-6\">\n                        <p>\n                            Fransa merkezli \u015firketimiz, uluslararas\u0131 ticaret alan\u0131nda isim yapm\u0131\u015f, g\u00fcvenilir, tecr\u00fcbeli ortaklardan olu\u015fan geni\u015f bir a\u011fa sahiptir. D\u00fcnya genelinde sahip oldu\u011fumuz bu g\u00fc\u00e7l\u00fc ticar\u00ee a\u011f sayesinde uzman kadromuz, talep etti\u011finiz \u00fcr\u00fcnleri ara\u015ft\u0131rarak en kaliteli olanlar\u0131n\u0131 en uygun fiyata ve en h\u0131zl\u0131 \u015fekilde sunmaktad\u0131r. CA Distribution, k\u00fcresel ticaretin alabildi\u011fine geli\u015fti\u011fi ve genelle\u015fti\u011fi, ancak tedarik zincirindeki risklerin de bir o kadar artt\u0131\u011f\u0131 g\u00fcn\u00fcm\u00fczde m\u00fc\u015fterilerine risksiz bir sat\u0131n alma deneyimi \u00f6nermektedir.\n                        <\/p>\n                    <\/div>\n                <\/div>\n            <\/div>\n        <\/div>\n        <div class=\"container\">\n            <div class=\"features-box text-light\">\n                <div class=\"row\">\n\n        \n            <!-- Single Item -->\n            <div class=\"single-item col-lg-4 col-md-6\">\n                <div class=\"item\">\n                    <img decoding=\"async\" src=\"https:\/\/cadistr.fr\/wp-content\/uploads\/2022\/12\/certificate.png\" alt=\"Thumb\">\n                    <div class=\"overlay\">\n                        <div class=\"info\">\n                            <h4><\/h4>\n                            <a href=\"https:\/\/cadistr.fr\/contact\/\"><i class=\"fa fa-plus\"><\/i><\/a>\n                        <\/div>\n                    <\/div>\n                <\/div>\n            <\/div>\n            <!-- End Single Item -->\n\n        \n         <\/div>\n            <\/div>\n        <\/div>\n    <\/div>\n    <!-- End Features Area -->\n       \n\n    \t\t<\/div>\n\t\t\t\t<\/div>\n\t\t\t\t\t<\/div>\n\t\t<\/div>\n\t\t\t\t\t\t\t<\/div>\n\t\t<\/section>\n\t\t\t\t<section class=\"elementor-section elementor-top-section elementor-element elementor-element-b8c2d64 elementor-section-full_width elementor-section-height-default elementor-section-height-default\" data-id=\"b8c2d64\" data-element_type=\"section\">\n\t\t\t\t\t\t<div class=\"elementor-container elementor-column-gap-no\">\n\t\t\t\t\t<div class=\"elementor-column elementor-col-100 elementor-top-column elementor-element elementor-element-2cbcea9\" data-id=\"2cbcea9\" data-element_type=\"column\">\n\t\t\t<div class=\"elementor-widget-wrap elementor-element-populated\">\n\t\t\t\t\t\t\t\t<div class=\"elementor-element elementor-element-c7c938a elementor-widget elementor-widget-mission\" data-id=\"c7c938a\" data-element_type=\"widget\" data-widget_type=\"mission.default\">\n\t\t\t\t<div class=\"elementor-widget-container\">\n\t\t\t\n         <!-- Start Who We Area \n    ============================================= -->\n    <div class=\"who-we-area-area bg-dark text-light\">\n        <div class=\"container-fluid\">\n            <div class=\"who-we-area-box\">\n                <div class=\"row\">\n                    <div class=\"col-lg-6 thumb bg-cover\" style=\"background-image: url(https:\/\/cadistr.fr\/wp-content\/uploads\/2022\/12\/ca-distrubition-sonolan-1.png);\"><\/div>\n                    <div class=\"col-lg-6 info\">\n                        <div class=\"row\">\n       \n            \n            <div class=\"col-lg-6 col-md-6 item\">\n                <h4>Misyonumuz:<\/h4>\n                <h2 class=\"text-blur\">Misyon<\/h2>\n                <p>\n                    Sat\u0131n almay\u0131 planlad\u0131\u011f\u0131n\u0131z \u00fcr\u00fcn veya \u00fcr\u00fcnler i\u00e7in do\u011fru piyasa ara\u015ft\u0131rmas\u0131 yaparak i\u015f ortaklar\u0131m\u0131zdan tedarik edece\u011fimiz uygun fiyatl\u0131 ve kaliteli \u00fcr\u00fcnleri zaman kayb\u0131n\u0131z olmadan kap\u0131n\u0131za kadar teslim etmeyi istiyoruz. Bu s\u00fcrecin sonunda tedarik edece\u011fimiz uygun maliyetli ve kaliteli \u00fcr\u00fcn sayesinde rakiplerinizden her zaman bir ad\u0131m \u00f6nde olman\u0131z\u0131 sa\u011flamay\u0131 hedeflemekteyiz. \u00d6te yandan, k\u00fcresel tedarik a\u011f\u0131m\u0131z\u0131 her g\u00fcn daha da geni\u015fletme stratejimiz do\u011frultusunda, kendilerine \u00fcr\u00fcn tedarik etti\u011fimiz \u015firketleri ve kurulu\u015flar\u0131 da bu a\u011fa dahil etmek istiyoruz.                 <\/p>\n                            <\/div>\n\n            \n            <div class=\"col-lg-6 col-md-6 item\">\n                <h4>Vizyonumuz:<\/h4>\n                <h2 class=\"text-blur\">Vizyon<\/h2>\n                <p>\n                    M\u00fc\u015fterilerimizin talep ettikleri \u00fcr\u00fcnleri i\u015f ortaklar\u0131m\u0131zdan en uygun fiyatla tedarikten, m\u00fc\u015fteriye teslimine kadarki t\u00fcm s\u00fcreci g\u00fcvenli anla\u015fmalar sayesinde s\u00fcrprize a\u00e7\u0131k olmadan y\u00fcr\u00fctme vizyonuna sahibiz. Riskinizi payla\u015fm\u0131yor, tamamen yok ediyoruz.                 <\/p>\n                            <\/div>\n\n            \n        <\/div>\n                    <\/div>\n                <\/div>\n            <\/div>\n        <\/div>\n    <\/div>\n    <!-- End Who We Area Area -->\n\n    \t\t<\/div>\n\t\t\t\t<\/div>\n\t\t\t\t\t<\/div>\n\t\t<\/div>\n\t\t\t\t\t\t\t<\/div>\n\t\t<\/section>\n\t\t\t\t\t\t\t<\/div>\n\t\t","protected":false},"excerpt":{"rendered":"<p>20 YILI A\u015eKIN TECR\u00dcBE 20 YILI A\u015eKIN TECR\u00dcBEM\u0130ZLE EN \u0130Y\u0130 B\u0130LD\u0130\u011e\u0130M\u0130Z \u0130\u015e\u0130 YAPIYORUZ! Fransa merkezli \u015firketimiz, uluslararas\u0131 ticaret alan\u0131nda isim yapm\u0131\u015f, g\u00fcvenilir, tecr\u00fcbeli ortaklardan olu\u015fan geni\u015f bir a\u011fa sahiptir. D\u00fcnya genelinde sahip oldu\u011fumuz bu g\u00fc\u00e7l\u00fc ticar\u00ee a\u011f sayesinde uzman kadromuz, talep etti\u011finiz \u00fcr\u00fcnleri ara\u015ft\u0131rarak en kaliteli olanlar\u0131n\u0131 en uygun fiyata ve en h\u0131zl\u0131 \u015fekilde sunmaktad\u0131r. [&hellip;]<\/p>\n","protected":false},"author":1,"featured_media":0,"parent":0,"menu_order":0,"comment_status":"closed","ping_status":"closed","template":"page-templates\/pages-image.php","meta":{"_mi_skip_tracking":false,"_themeisle_gutenberg_block_has_review":false,"_joinchat":[],"footnotes":""},"class_list":["post-2064","page","type-page","status-publish","hentry"],"aioseo_notices":[],"_links":{"self":[{"href":"https:\/\/cadistr.fr\/tr\/wp-json\/wp\/v2\/pages\/2064","targetHints":{"allow":["GET"]}}],"collection":[{"href":"https:\/\/cadistr.fr\/tr\/wp-json\/wp\/v2\/pages"}],"about":[{"href":"https:\/\/cadistr.fr\/tr\/wp-json\/wp\/v2\/types\/page"}],"author":[{"embeddable":true,"href":"https:\/\/cadistr.fr\/tr\/wp-json\/wp\/v2\/users\/1"}],"replies":[{"embeddable":true,"href":"https:\/\/cadistr.fr\/tr\/wp-json\/wp\/v2\/comments?post=2064"}],"version-history":[{"count":1,"href":"https:\/\/cadistr.fr\/tr\/wp-json\/wp\/v2\/pages\/2064\/revisions"}],"predecessor-version":[{"id":2065,"href":"https:\/\/cadistr.fr\/tr\/wp-json\/wp\/v2\/pages\/2064\/revisions\/2065"}],"wp:attachment":[{"href":"https:\/\/cadistr.fr\/tr\/wp-json\/wp\/v2\/media?parent=2064"}],"curies":[{"name":"wp","href":"https:\/\/api.w.org\/{rel}","templated":true}]}}