{"id":1993,"date":"2022-11-23T10:29:32","date_gmt":"2022-11-23T10:29:32","guid":{"rendered":"https:\/\/cadistr.fr\/sss\/"},"modified":"2023-01-06T08:24:27","modified_gmt":"2023-01-06T08:24:27","slug":"sss","status":"publish","type":"page","link":"https:\/\/cadistr.fr\/tr\/sss\/","title":{"rendered":"SSS"},"content":{"rendered":"\t\t<div data-elementor-type=\"wp-page\" data-elementor-id=\"1993\" class=\"elementor elementor-1993 elementor-1404\">\n\t\t\t\t\t\t\t\t\t<section class=\"elementor-section elementor-top-section elementor-element elementor-element-1f4f3df elementor-section-full_width elementor-section-height-default elementor-section-height-default\" data-id=\"1f4f3df\" data-element_type=\"section\">\n\t\t\t\t\t\t<div class=\"elementor-container elementor-column-gap-no\">\n\t\t\t\t\t<div class=\"elementor-column elementor-col-100 elementor-top-column elementor-element elementor-element-42c4a01\" data-id=\"42c4a01\" data-element_type=\"column\">\n\t\t\t<div class=\"elementor-widget-wrap elementor-element-populated\">\n\t\t\t\t\t\t\t\t<div class=\"elementor-element elementor-element-ae571be elementor-widget elementor-widget-faq\" data-id=\"ae571be\" data-element_type=\"widget\" data-widget_type=\"faq.default\">\n\t\t\t\t<div class=\"elementor-widget-container\">\n\t\t\t\n        <!-- Start Faq \n    ============================================= -->\n    <div class=\"faq-area default-padding bg-gray\">\n        <div class=\"container\">\n            <div class=\"faq-items\">\n                <div class=\"row\">\n\n                    <div class=\"col-lg-5 info\">\n                        <h5>AKLINIZDA KALANLAR<\/h5>\n                        <h2>S\u0131k\u00e7a Sorulan Sorular<\/h2>\n                        <a href=\"https:\/\/cadistr.fr\/form\/\" class=\"btn btn-theme effect btn-md\">\u00dcR\u00dcN TALEP FORMU<\/a>\n                    <\/div>\n\n                    <div class=\"col-lg-7\">\n                        <div class=\"faq-content\">\n                            <div class=\"accordion\" id=\"accordionExample\">\n                                            <div class=\"card\">\n                    <div class=\"card-header\" id=\"headingOne\">\n                        <h4 class=\"mb-0\" data-toggle=\"collapse\" data-target=\"#collapseOne\" aria-expanded=\"true\" aria-controls=\"collapseOne\">\n                            CA Distribution Nas\u0131l Bir Hizmet Sa\u011fl\u0131yor?                        <\/h4>\n                    <\/div>\n\n                    <div id=\"collapseOne\" class=\"collapse show\" aria-labelledby=\"headingOne\" data-parent=\"#accordionExample\">\n                        <div class=\"card-body\">\n                            <p>\n                                CA Distribution, d\u00fcnyada sahip oldu\u011fu geni\u015f a\u011f ve i\u015f ortaklar\u0131 sayesinde, ki\u015fi veya kurulu\u015flar\u0131n tedarik ettirmek istedi\u011fi \u00fcr\u00fcn\/\u00fcr\u00fcnlerin sat\u0131n alma s\u00fcrecini y\u00f6netiyor.                            <\/p>\n                        <\/div>\n                    <\/div>\n                <\/div>\n\n                        <div class=\"card\">\n                    <div class=\"card-header\" id=\"headingTwo\">\n                        <h4 class=\"mb-0\" data-toggle=\"collapse\" data-target=\"#collapseTwo\" aria-expanded=\"true\" aria-controls=\"collapseTwo\">\n                            \u00dcr\u00fcn Fiyat Ara\u015ft\u0131rmas\u0131 Nas\u0131l Yap\u0131l\u0131yor?                        <\/h4>\n                    <\/div>\n\n                    <div id=\"collapseTwo\" class=\"collapse \" aria-labelledby=\"headingTwo\" data-parent=\"#accordionExample\">\n                        <div class=\"card-body\">\n                            <p>\n                                D\u00fcnyada sahip oldu\u011fumuz geni\u015f a\u011fda yer alan mevcut i\u015f ortaklar\u0131m\u0131z \u00fczerinden, talep etti\u011finiz \u00fcr\u00fcnlerle ilgili detayl\u0131 kalite ve fiyat ara\u015ft\u0131rmas\u0131 yaparak en iyi teklifi tespit ediyor ve size do\u011fru \u00fcr\u00fcn\u00fc en uygun fiyatla sunuyoruz. Olu\u015fturdu\u011fumuz \u00fcr\u00fcn\/\u00fcretici dosyalar\u0131n\u0131 ve alternatif teklifleri sizlerle birlikte de\u011ferlendiriyoruz. Ayr\u0131ca, size \u00fcr\u00fcn\u00fcn teslimat\u0131n\u0131n ister g\u00fcmr\u00fckte ister kap\u0131da yap\u0131lmas\u0131n\u0131 sa\u011fl\u0131yoruz. \u00c7ok say\u0131da \u00fcreticinin bulundu\u011fu d\u00fcnya piyasalar\u0131nda do\u011fru \u00fcr\u00fcn\u00fc do\u011fru \u00fcreticiden, y\u00fcksek standartlarda ve en d\u00fc\u015f\u00fck maliyetle g\u00fcvenli \u015fekilde sat\u0131n almay\u0131 ama\u00e7l\u0131yoruz.                            <\/p>\n                        <\/div>\n                    <\/div>\n                <\/div>\n\n                        <div class=\"card\">\n                    <div class=\"card-header\" id=\"headingThree\">\n                        <h4 class=\"mb-0\" data-toggle=\"collapse\" data-target=\"#collapseThree\" aria-expanded=\"true\" aria-controls=\"collapseThree\">\n                            \u00dcr\u00fcn\u00fcn Lojistik Hizmeti Nas\u0131l Sa\u011flan\u0131yor?                        <\/h4>\n                    <\/div>\n\n                    <div id=\"collapseThree\" class=\"collapse \" aria-labelledby=\"headingThree\" data-parent=\"#accordionExample\">\n                        <div class=\"card-body\">\n                            <p>\n                                \u00dcretici ile anla\u015fman\u0131z\u0131 sa\u011flad\u0131ktan sonra, \u00fcr\u00fcn maliyeti, kargo maliyeti ve hizmet bedelimiz dahil toplam \u00fccretlendirmeyi size raporluyoruz. Tedarik etmek istedi\u011finiz \u00fcr\u00fcne g\u00f6re en uygun kargo y\u00f6ntemini belirleyip bu s\u00fcreci sizinle birlikte y\u00fcr\u00fct\u00fcyoruz. Geriye size sadece \u00fcr\u00fcn\u00fcn yolculu\u011funu takip etmek kal\u0131yor.\n                            <\/p>\n                        <\/div>\n                    <\/div>\n                <\/div>\n\n                        <div class=\"card\">\n                    <div class=\"card-header\" id=\"headingFour\">\n                        <h4 class=\"mb-0\" data-toggle=\"collapse\" data-target=\"#collapseFour\" aria-expanded=\"true\" aria-controls=\"collapseFour\">\n                            Nereden Ba\u015flamal\u0131y\u0131m?                        <\/h4>\n                    <\/div>\n\n                    <div id=\"collapseFour\" class=\"collapse \" aria-labelledby=\"headingFour\" data-parent=\"#accordionExample\">\n                        <div class=\"card-body\">\n                            <p>\n                                Sat\u0131n almak istedi\u011finiz \u00fcr\u00fcn hakk\u0131nda ara\u015ft\u0131rma yapmam\u0131z i\u00e7in \u00fcr\u00fcn talep formunu doldurman\u0131z yeterli. Bu a\u015famadan sonra, \u00fcr\u00fcn teslim edilene kadar t\u00fcm s\u00fcre\u00e7le ilgili detaylar\u0131 taraf\u0131n\u0131zla an\u0131nda payla\u015f\u0131yor olaca\u011f\u0131z. \u0130nteraktif bir sat\u0131n alma s\u00fcreci y\u00fcr\u00fctt\u00fc\u011f\u00fcm\u00fczden dolay\u0131, olabilecek her t\u00fcrl\u00fc talebinizi an\u0131nda de\u011ferlendirmeye al\u0131yor ve en y\u00fcksek verimle s\u00fcreci tamaml\u0131yoruz.                            <\/p>\n                        <\/div>\n                    <\/div>\n                <\/div>\n\n                        <div class=\"card\">\n                    <div class=\"card-header\" id=\"headingFive\">\n                        <h4 class=\"mb-0\" data-toggle=\"collapse\" data-target=\"#collapseFive\" aria-expanded=\"true\" aria-controls=\"collapseFive\">\n                            \u00dcr\u00fcn\u00fcn geri iade edilme i\u015flemi yap\u0131labilir mi?                         <\/h4>\n                    <\/div>\n\n                    <div id=\"collapseFive\" class=\"collapse \" aria-labelledby=\"headingFive\" data-parent=\"#accordionExample\">\n                        <div class=\"card-body\">\n                            <p>\n                                Taraf\u0131n\u0131za iletilen \u00fcr\u00fcn\u00fc gerek kendi kusurlar\u0131ndan gerek kargo a\u015famas\u0131nda \u015firketten dolay\u0131 meydana gelebilecek kusurlardan dolay\u0131 iade etmeniz m\u00fcmk\u00fcnd\u00fcr. Bu konuya ili\u015fkin t\u00fcm detaylara anla\u015fma metninde yer verilecektir.                            <\/p>\n                        <\/div>\n                    <\/div>\n                <\/div>\n\n                        <div class=\"card\">\n                    <div class=\"card-header\" id=\"headingSix\">\n                        <h4 class=\"mb-0\" data-toggle=\"collapse\" data-target=\"#collapseSix\" aria-expanded=\"true\" aria-controls=\"collapseSix\">\n                            Ba\u015fka Sorunuz Mu Var?                        <\/h4>\n                    <\/div>\n\n                    <div id=\"collapseSix\" class=\"collapse \" aria-labelledby=\"headingSix\" data-parent=\"#accordionExample\">\n                        <div class=\"card-body\">\n                            <p>\n                                Bize sormak istedi\u011finiz t\u00fcm sorular\u0131n\u0131z\u0131 yan\u0131tlamam\u0131z i\u00e7in a\u015fa\u011f\u0131daki ileti\u015fim formunu doldurarak h\u0131zl\u0131ca mail g\u00f6nderebilirsiniz.                            <\/p>\n                        <\/div>\n                    <\/div>\n                <\/div>\n\n        \n                      <\/div>\n                        <\/div>\n                    <\/div>\n\n                <\/div>\n            <\/div>\n        <\/div>\n    <\/div>\n    <!-- End Faq Area -->\n\n    \t\t<\/div>\n\t\t\t\t<\/div>\n\t\t\t\t<div class=\"elementor-element elementor-element-ee133fe elementor-widget elementor-widget-contact\" data-id=\"ee133fe\" data-element_type=\"widget\" data-widget_type=\"contact.default\">\n\t\t\t\t<div class=\"elementor-widget-container\">\n\t\t\t\n       <!-- Start Contact \n    ============================================= -->\n    <div class=\"contact-area overflow-hidden default-padding bg-gray\">\n        <div class=\"container\">\n            <div class=\"row\">\n\n                <div class=\"col-lg-6 contact-form-box\">\n                    <div class=\"content\">\n                        <div class=\"heading\">\n                            <h2>Daha Fazla Sorunuz Mu Var?<\/h2>\n                            <p>Ekibimiz akl\u0131n\u0131za gelen sorular\u0131n\u0131z\u0131 cevaplamak i\u00e7in sizleri bekliyor.<\/p>\n                        <\/div>\n                        \n<div class=\"wpcf7 no-js\" id=\"wpcf7-f1060-o1\" lang=\"en-US\" dir=\"ltr\">\n<div class=\"screen-reader-response\"><p role=\"status\" aria-live=\"polite\" aria-atomic=\"true\"><\/p> <ul><\/ul><\/div>\n<form action=\"\/tr\/wp-json\/wp\/v2\/pages\/1993#wpcf7-f1060-o1\" method=\"post\" class=\"wpcf7-form init\" aria-label=\"Contact form\" novalidate=\"novalidate\" data-status=\"init\">\n<div style=\"display: none;\">\n<input type=\"hidden\" name=\"_wpcf7\" value=\"1060\" \/>\n<input type=\"hidden\" name=\"_wpcf7_version\" value=\"5.7.4\" \/>\n<input type=\"hidden\" name=\"_wpcf7_locale\" value=\"en_US\" \/>\n<input type=\"hidden\" name=\"_wpcf7_unit_tag\" value=\"wpcf7-f1060-o1\" \/>\n<input type=\"hidden\" name=\"_wpcf7_container_post\" value=\"0\" \/>\n<input type=\"hidden\" name=\"_wpcf7_posted_data_hash\" value=\"\" \/>\n<\/div>\n<div class=\"row\">\n\t<div class=\"col-lg-6\">\n\t\t<div class=\"form-group\">\n\t\t\t<p><span class=\"wpcf7-form-control-wrap\" data-name=\"your-name\"><input size=\"40\" class=\"wpcf7-form-control wpcf7-text wpcf7-validates-as-required form-control\" id=\"name\" aria-required=\"true\" aria-invalid=\"false\" placeholder=\"Corporate Name or Name&amp;Surname\" value=\"\" type=\"text\" name=\"your-name\" \/><\/span><br \/>\n<span class=\"alert-error\"><\/span>\n\t\t\t<\/p>\n\t\t<\/div>\n\t<\/div>\n\t<div class=\"col-lg-6\">\n\t\t<div class=\"form-group\">\n\t\t\t<p><span class=\"wpcf7-form-control-wrap\" data-name=\"email\"><input size=\"40\" class=\"wpcf7-form-control wpcf7-text wpcf7-email wpcf7-validates-as-required wpcf7-validates-as-email form-control\" id=\"email\" aria-required=\"true\" aria-invalid=\"false\" placeholder=\"Email*\" value=\"\" type=\"email\" name=\"email\" \/><\/span><br \/>\n<span class=\"alert-error\"><\/span>\n\t\t\t<\/p>\n\t\t<\/div>\n\t<\/div>\n<\/div>\n<div class=\"row\">\n\t<div class=\"col-lg-12\">\n\t\t<div class=\"form-group\">\n\t\t\t<p><span class=\"wpcf7-form-control-wrap\" data-name=\"phone\"><input size=\"40\" class=\"wpcf7-form-control wpcf7-text wpcf7-tel wpcf7-validates-as-tel form-control\" id=\"phone\" aria-invalid=\"false\" placeholder=\"Phone number\" value=\"\" type=\"tel\" name=\"phone\" \/><\/span><br \/>\n<span class=\"alert-error\"><\/span>\n\t\t\t<\/p>\n\t\t<\/div>\n\t<\/div>\n<\/div>\n<div class=\"row\">\n\t<div class=\"col-lg-12\">\n\t\t<div class=\"form-group comments\">\n\t\t\t<p><span class=\"wpcf7-form-control-wrap\" data-name=\"comments\"><textarea cols=\"40\" rows=\"2\" class=\"wpcf7-form-control wpcf7-textarea wpcf7-validates-as-required form-control\" id=\"comments\" aria-required=\"true\" aria-invalid=\"false\" placeholder=\"subject*\" name=\"comments\"><\/textarea><\/span>\n\t\t\t<\/p>\n\t\t<\/div>\n\t<\/div>\n<\/div>\n<div class=\"row\">\n\t<div class=\"col-lg-12\">\n\t\t<p><button type=\"submit\" name=\"submit\" id=\"submit\">submit<\/button>\n\t\t<\/p>\n\t<\/div>\n<\/div>\n<!-- Alert Message -->\n<div class=\"col-md-12 alert-notification\">\n\t<div id=\"message\" class=\"alert-msg\">\n\t<\/div>\n<\/div><div class=\"wpcf7-response-output\" aria-hidden=\"true\"><\/div>\n<\/form>\n<\/div>\n                        <\/div>\n                <\/div>\n\n                <div class=\"col-lg-6 info\">\n                    <div class=\"contact-tabs\">\n                        <ul id=\"tabs\" class=\"nav nav-tabs\">\n                            <li class=\"nav-item\">\n                                <a href=\"\" data-target=\"#tab1\" data-toggle=\"tab\" class=\"active nav-link\">\n                                    Adresimiz                                <\/a>\n                            <\/li>\n                            <li class=\"nav-item\">\n                                <a href=\"\" data-target=\"#tab2\" data-toggle=\"tab\" class=\"nav-link\">\n                                    Google Haritalar                                <\/a>\n                            <\/li>\n                        <\/ul>\n                        <div id=\"tabsContent\" class=\"tab-content\">\n                            <div id=\"tab1\" class=\"tab-pane fade active show\">\n                                <ul>\n                                                <li>\n                                        <div class=\"icon\">\n                                            <i class=\"fas fa-map-marker-alt\"><\/i>\n                                        <\/div>\n                                        <div class=\"info\">\n                                            <p>\n                                                Adresimiz                                                <span>11 Rue Francis Carco 38400 Saint-Martin-d&#039;H\u00e8res \/ Fransa<\/span>\n                                            <\/p>\n                                        <\/div>\n                                    <\/li>\n                                                                        <li>\n                                        <div class=\"icon\">\n                                            <i class=\"fas fa-envelope-open\"><\/i>\n                                        <\/div>\n                                        <div class=\"info\">\n                                            <p>\n                                                Mail Adresimiz                                                <span>info@cadistr.fr<\/span>\n                                            <\/p>\n                                        <\/div>\n                                    <\/li>\n                                                                        <li>\n                                        <div class=\"icon\">\n                                            <i class=\"fas fa-phone\"><\/i>\n                                        <\/div>\n                                        <div class=\"info\">\n                                            <p>\n                                                Telefon Numaram\u0131z                                                <span>+0033 749383227<\/span>\n                                            <\/p>\n                                        <\/div>\n                                    <\/li>\n                                                                    <\/ul>\n                            <\/div>\n                            <div id=\"tab2\" class=\"tab-pane fade\">\n                                <iframe src=\"https:\/\/www.google.com\/maps\/embed?pb=!1m18!1m12!1m3!1d5662660.616623629!2d-2.435148504816877!3d46.13140746126157!2m3!1f0!2f0!3f0!3m2!1i1024!2i768!4f13.1!3m3!1m2!1s0xd54a02933785731%3A0x6bfd3f96c747d9f7!2sFransa!5e0!3m2!1str!2str!4v1667484437814!5m2!1str!2str&quot; width=&quot;600&quot; height=&quot;450&quot; style=&quot;border:0;&quot; allowfullscreen=&quot;&quot; loading=&quot;lazy&quot; referrerpolicy=&quot;no-referrer-when-downgrade&quot;&gt;&lt;\/iframe&gt;\"><\/iframe>\n                            <\/div>\n                        <\/div>\n                    <\/div>\n                <\/div>\n\n            <\/div>\n        <\/div>\n    <\/div>\n    <!-- End Contact Area -->\n\n    \t\t<\/div>\n\t\t\t\t<\/div>\n\t\t\t\t\t<\/div>\n\t\t<\/div>\n\t\t\t\t\t\t\t<\/div>\n\t\t<\/section>\n\t\t\t\t\t\t\t<\/div>\n\t\t","protected":false},"excerpt":{"rendered":"<p>AKLINIZDA KALANLAR S\u0131k\u00e7a Sorulan Sorular \u00dcR\u00dcN TALEP FORMU CA Distribution Nas\u0131l Bir Hizmet Sa\u011fl\u0131yor? CA Distribution, d\u00fcnyada sahip oldu\u011fu geni\u015f a\u011f ve i\u015f ortaklar\u0131 sayesinde, ki\u015fi veya kurulu\u015flar\u0131n tedarik ettirmek istedi\u011fi \u00fcr\u00fcn\/\u00fcr\u00fcnlerin sat\u0131n alma s\u00fcrecini y\u00f6netiyor. \u00dcr\u00fcn Fiyat Ara\u015ft\u0131rmas\u0131 Nas\u0131l Yap\u0131l\u0131yor? D\u00fcnyada sahip oldu\u011fumuz geni\u015f a\u011fda yer alan mevcut i\u015f ortaklar\u0131m\u0131z \u00fczerinden, talep etti\u011finiz \u00fcr\u00fcnlerle [&hellip;]<\/p>\n","protected":false},"author":1,"featured_media":0,"parent":0,"menu_order":0,"comment_status":"closed","ping_status":"closed","template":"page-templates\/pages-image.php","meta":{"_mi_skip_tracking":false,"_themeisle_gutenberg_block_has_review":false,"_joinchat":[],"footnotes":""},"class_list":["post-1993","page","type-page","status-publish","hentry"],"aioseo_notices":[],"_links":{"self":[{"href":"https:\/\/cadistr.fr\/tr\/wp-json\/wp\/v2\/pages\/1993","targetHints":{"allow":["GET"]}}],"collection":[{"href":"https:\/\/cadistr.fr\/tr\/wp-json\/wp\/v2\/pages"}],"about":[{"href":"https:\/\/cadistr.fr\/tr\/wp-json\/wp\/v2\/types\/page"}],"author":[{"embeddable":true,"href":"https:\/\/cadistr.fr\/tr\/wp-json\/wp\/v2\/users\/1"}],"replies":[{"embeddable":true,"href":"https:\/\/cadistr.fr\/tr\/wp-json\/wp\/v2\/comments?post=1993"}],"version-history":[{"count":4,"href":"https:\/\/cadistr.fr\/tr\/wp-json\/wp\/v2\/pages\/1993\/revisions"}],"predecessor-version":[{"id":2420,"href":"https:\/\/cadistr.fr\/tr\/wp-json\/wp\/v2\/pages\/1993\/revisions\/2420"}],"wp:attachment":[{"href":"https:\/\/cadistr.fr\/tr\/wp-json\/wp\/v2\/media?parent=1993"}],"curies":[{"name":"wp","href":"https:\/\/api.w.org\/{rel}","templated":true}]}}