{"id":1183,"date":"2022-11-05T09:03:34","date_gmt":"2022-11-05T09:03:34","guid":{"rendered":"https:\/\/cadistr.fr\/?page_id=1183"},"modified":"2022-11-09T14:21:41","modified_gmt":"2022-11-09T14:21:41","slug":"urun-ve-arastirma","status":"publish","type":"page","link":"https:\/\/cadistr.fr\/en\/urun-ve-arastirma\/","title":{"rendered":"\u00dcR\u00dcN VE ARA\u015eTIRMA"},"content":{"rendered":"\t\t<div data-elementor-type=\"wp-page\" data-elementor-id=\"1183\" class=\"elementor elementor-1183\">\n\t\t\t\t\t\t\t\t\t<section class=\"elementor-section elementor-top-section elementor-element elementor-element-fd558ca elementor-section-full_width elementor-section-height-default elementor-section-height-default\" data-id=\"fd558ca\" data-element_type=\"section\">\n\t\t\t\t\t\t<div class=\"elementor-container elementor-column-gap-no\">\n\t\t\t\t\t<div class=\"elementor-column elementor-col-100 elementor-top-column elementor-element elementor-element-7d8d9aa\" data-id=\"7d8d9aa\" data-element_type=\"column\">\n\t\t\t<div class=\"elementor-widget-wrap elementor-element-populated\">\n\t\t\t\t\t\t\t\t<div class=\"elementor-element elementor-element-35caf76 elementor-widget elementor-widget-about\" data-id=\"35caf76\" data-element_type=\"widget\" data-widget_type=\"about.default\">\n\t\t\t\t<div class=\"elementor-widget-container\">\n\t\t\t\n        <!-- Star About Area\n    ============================================= -->\n    <div class=\"about-area inc-shape default-padding\">\n        <div class=\"container\">\n            <div class=\"row\">\n                <div class=\"col-lg-6\">\n                    <div class=\"thumb\">\n                        <img decoding=\"async\" src=\"https:\/\/cadistr.fr\/wp-content\/uploads\/2022\/10\/ca-distribution-abc.png\" alt=\"Thumb\">\n                        <img decoding=\"async\" src=\"https:\/\/cadistr.fr\/wp-content\/uploads\/2022\/10\/transfer.jpg\" alt=\"Thumb\">\n                        <div class=\"overlay\">\n                            <div class=\"content\">\n                                <h4>20 y\u0131ll\u0131k tecr\u00fcbe<\/h4>\n                            <\/div>\n                        <\/div>\n                    <\/div>\n                <\/div>\n                <div class=\"col-lg-5 offset-lg-1 info\">\n                    <h2>We Help IT Companies Scale Engineering Capacity<\/h2>\n                    <p>\n                        Dissuade ecstatic and properly saw entirely sir why laughter endeavor. In on my jointure horrible margaret suitable he followed speedily. Indeed vanity excuse or mr lovers of on. By offer scale an stuff. Blush be sorry no sight sang lose. \n                    <\/p>\n                    <ul>\n                                                <li>\n                            <div class=\"icon\">\n                                <i class=\"flaticon-certification\"><\/i>\n                            <\/div>\n                            <div class=\"info\">\n                                <h4>Certified Company<\/h4>\n                                <p>\n                                    Assurance yet bed was improving furniture man. Distrusts delighted she listening.                                 <\/p>\n                            <\/div>\n                        <\/li>\n                                                <li>\n                            <div class=\"icon\">\n                                <i class=\"flaticon-award-star-with-olive-branches\"><\/i>\n                            <\/div>\n                            <div class=\"info\">\n                                <h4>Award Ceremony<\/h4>\n                                <p>\n                                    Assurance yet bed was improving furniture man. Distrusts delighted she listening mrs extensive.                                <\/p>\n                            <\/div>\n                        <\/li>\n                        \n                    <\/ul>\n                    <div class=\"author\">\n                        <div class=\"signature\">\n                            <img decoding=\"async\" src=\"https:\/\/cadistr.fr\/wp-content\/uploads\/2022\/10\/ca-distrubition-logo-blue-1.png\" alt=\"signature\">\n                        <\/div>\n                        <div class=\"intro\">\n                            <h5>CA<\/h5>\n                            <span>DISTRIBUTION<\/span>\n                        <\/div>\n                    <\/div>\n                <\/div>\n            <\/div>\n        <\/div>\n    <\/div>\n    <!-- End About Area -->\n\n\t\t<\/div>\n\t\t\t\t<\/div>\n\t\t\t\t<div class=\"elementor-element elementor-element-7ed2145 elementor-widget elementor-widget-about\" data-id=\"7ed2145\" data-element_type=\"widget\" data-widget_type=\"about.default\">\n\t\t\t\t<div class=\"elementor-widget-container\">\n\t\t\t\n        <!-- Star About Area\n    ============================================= -->\n    <div class=\"about-area inc-shape default-padding\">\n        <div class=\"container\">\n            <div class=\"row\">\n                <div class=\"col-lg-6\">\n                    <div class=\"thumb\">\n                        <img decoding=\"async\" src=\"https:\/\/wordpressriverthemes.com\/tanda-elem\/wp-content\/uploads\/2022\/01\/1.jpg\" alt=\"Thumb\">\n                        <img decoding=\"async\" src=\"https:\/\/wordpressriverthemes.com\/tanda-elem\/wp-content\/uploads\/2022\/01\/2-1.jpg\" alt=\"Thumb\">\n                        <div class=\"overlay\">\n                            <div class=\"content\">\n                                <h4>20 years of experience<\/h4>\n                            <\/div>\n                        <\/div>\n                    <\/div>\n                <\/div>\n                <div class=\"col-lg-5 offset-lg-1 info\">\n                    <h2>We Help IT Companies Scale Engineering Capacity<\/h2>\n                    <p>\n                        Dissuade ecstatic and properly saw entirely sir why laughter endeavor. In on my jointure horrible margaret suitable he followed speedily. Indeed vanity excuse or mr lovers of on. By offer scale an stuff. Blush be sorry no sight sang lose. \n                    <\/p>\n                    <ul>\n                                                <li>\n                            <div class=\"icon\">\n                                <i class=\"flaticon-certification\"><\/i>\n                            <\/div>\n                            <div class=\"info\">\n                                <h4>Certified Company<\/h4>\n                                <p>\n                                    Assurance yet bed was improving furniture man. Distrusts delighted she listening.                                 <\/p>\n                            <\/div>\n                        <\/li>\n                                                <li>\n                            <div class=\"icon\">\n                                <i class=\"flaticon-award-star-with-olive-branches\"><\/i>\n                            <\/div>\n                            <div class=\"info\">\n                                <h4>Award Ceremony<\/h4>\n                                <p>\n                                    Assurance yet bed was improving furniture man. Distrusts delighted she listening mrs extensive.                                <\/p>\n                            <\/div>\n                        <\/li>\n                        \n                    <\/ul>\n                    <div class=\"author\">\n                        <div class=\"signature\">\n                            <img decoding=\"async\" src=\"https:\/\/wordpressriverthemes.com\/tanda-elem\/wp-content\/uploads\/2022\/01\/signature.png\" alt=\"signature\">\n                        <\/div>\n                        <div class=\"intro\">\n                            <h5>Spark Moun<\/h5>\n                            <span>Chairman &amp; Founder Tech<\/span>\n                        <\/div>\n                    <\/div>\n                <\/div>\n            <\/div>\n        <\/div>\n    <\/div>\n    <!-- End About Area -->\n\n\t\t<\/div>\n\t\t\t\t<\/div>\n\t\t\t\t\t<\/div>\n\t\t<\/div>\n\t\t\t\t\t\t\t<\/div>\n\t\t<\/section>\n\t\t\t\t\t\t\t<\/div>\n\t\t","protected":false},"excerpt":{"rendered":"<p>20 y\u0131ll\u0131k tecr\u00fcbe We Help IT Companies Scale Engineering Capacity Dissuade ecstatic and properly saw entirely sir why laughter endeavor. In on my jointure horrible margaret suitable he followed speedily. Indeed vanity excuse or mr lovers of on. By offer scale an stuff. Blush be sorry no sight sang lose. Certified Company Assurance yet bed [&hellip;]<\/p>\n","protected":false},"author":1,"featured_media":0,"parent":0,"menu_order":0,"comment_status":"closed","ping_status":"closed","template":"page-templates\/home1.php","meta":{"_mi_skip_tracking":false,"_themeisle_gutenberg_block_has_review":false,"_joinchat":[],"footnotes":""},"class_list":["post-1183","page","type-page","status-publish","hentry"],"aioseo_notices":[],"_links":{"self":[{"href":"https:\/\/cadistr.fr\/en\/wp-json\/wp\/v2\/pages\/1183","targetHints":{"allow":["GET"]}}],"collection":[{"href":"https:\/\/cadistr.fr\/en\/wp-json\/wp\/v2\/pages"}],"about":[{"href":"https:\/\/cadistr.fr\/en\/wp-json\/wp\/v2\/types\/page"}],"author":[{"embeddable":true,"href":"https:\/\/cadistr.fr\/en\/wp-json\/wp\/v2\/users\/1"}],"replies":[{"embeddable":true,"href":"https:\/\/cadistr.fr\/en\/wp-json\/wp\/v2\/comments?post=1183"}],"version-history":[{"count":9,"href":"https:\/\/cadistr.fr\/en\/wp-json\/wp\/v2\/pages\/1183\/revisions"}],"predecessor-version":[{"id":1238,"href":"https:\/\/cadistr.fr\/en\/wp-json\/wp\/v2\/pages\/1183\/revisions\/1238"}],"wp:attachment":[{"href":"https:\/\/cadistr.fr\/en\/wp-json\/wp\/v2\/media?parent=1183"}],"curies":[{"name":"wp","href":"https:\/\/api.w.org\/{rel}","templated":true}]}}